{"id":2612,"date":"2025-08-26T14:03:11","date_gmt":"2025-08-26T12:03:11","guid":{"rendered":"https:\/\/museum-ravensburger.de\/press\/"},"modified":"2025-09-24T13:52:50","modified_gmt":"2025-09-24T11:52:50","slug":"press","status":"publish","type":"page","link":"https:\/\/museum-ravensburger.de\/en\/press\/","title":{"rendered":"Press"},"content":{"rendered":"<section id=\"acf-block-68b1c6aab33ea\" class=\"header-text-image relative overflow-hidden max-md:mt-6 bg-bg-grey text-text-default dark:!text-light dark:!bg-dark\">\n    <div class=\"max-w-screen-fhd mx-auto\">\n        <div class=\"mx-auto md:px-lg  xl:flex flex-row-reverse xl:pl-32\">\n                            <div class=\"header-bg xl:h-[65vh] xl:max-h-[1000px] xl:w-1\/2 overflow-hidden xl:py-12\"> <img loading=\"lazy\" decoding=\"async\" width=\"1240\" height=\"895\" src=\"https:\/\/i0.wp.com\/museum-ravensburger.de\/wp-content\/uploads\/2025\/01\/Museum-Ravensburger_Aussenansicht_neu.jpg?fit=1240%2C895&amp;ssl=1\" class=\"object-cover z-0 h-full w-full object-center\" alt=\"\" srcset=\"https:\/\/i0.wp.com\/museum-ravensburger.de\/wp-content\/uploads\/2025\/01\/Museum-Ravensburger_Aussenansicht_neu.jpg?w=2126&amp;ssl=1 2126w, https:\/\/i0.wp.com\/museum-ravensburger.de\/wp-content\/uploads\/2025\/01\/Museum-Ravensburger_Aussenansicht_neu.jpg?resize=300%2C217&amp;ssl=1 300w, https:\/\/i0.wp.com\/museum-ravensburger.de\/wp-content\/uploads\/2025\/01\/Museum-Ravensburger_Aussenansicht_neu.jpg?resize=1024%2C739&amp;ssl=1 1024w, https:\/\/i0.wp.com\/museum-ravensburger.de\/wp-content\/uploads\/2025\/01\/Museum-Ravensburger_Aussenansicht_neu.jpg?resize=768%2C555&amp;ssl=1 768w, https:\/\/i0.wp.com\/museum-ravensburger.de\/wp-content\/uploads\/2025\/01\/Museum-Ravensburger_Aussenansicht_neu.jpg?resize=1536%2C1109&amp;ssl=1 1536w, https:\/\/i0.wp.com\/museum-ravensburger.de\/wp-content\/uploads\/2025\/01\/Museum-Ravensburger_Aussenansicht_neu.jpg?resize=2048%2C1479&amp;ssl=1 2048w, https:\/\/i0.wp.com\/museum-ravensburger.de\/wp-content\/uploads\/2025\/01\/Museum-Ravensburger_Aussenansicht_neu.jpg?resize=1900%2C1372&amp;ssl=1 1900w, https:\/\/i0.wp.com\/museum-ravensburger.de\/wp-content\/uploads\/2025\/01\/Museum-Ravensburger_Aussenansicht_neu.jpg?resize=1240%2C895&amp;ssl=1 1240w\" sizes=\"(max-width: 1000px) 100vw, 1000px\" data-attachment-id=\"1953\" data-permalink=\"https:\/\/museum-ravensburger.de\/en\/museum-ravensburger_aussenansicht_neu-2\/\" data-orig-file=\"https:\/\/i0.wp.com\/museum-ravensburger.de\/wp-content\/uploads\/2025\/01\/Museum-Ravensburger_Aussenansicht_neu.jpg?fit=2126%2C1535&amp;ssl=1\" data-orig-size=\"2126,1535\" data-comments-opened=\"0\" data-image-meta=\"{&quot;aperture&quot;:&quot;0&quot;,&quot;credit&quot;:&quot;&quot;,&quot;camera&quot;:&quot;&quot;,&quot;caption&quot;:&quot;&quot;,&quot;created_timestamp&quot;:&quot;0&quot;,&quot;copyright&quot;:&quot;&quot;,&quot;focal_length&quot;:&quot;0&quot;,&quot;iso&quot;:&quot;0&quot;,&quot;shutter_speed&quot;:&quot;0&quot;,&quot;title&quot;:&quot;&quot;,&quot;orientation&quot;:&quot;0&quot;}\" data-image-title=\"Museum Ravensburger_Au\u00dfenansicht_neu\" data-image-description=\"\" data-image-caption=\"\" data-large-file=\"https:\/\/i0.wp.com\/museum-ravensburger.de\/wp-content\/uploads\/2025\/01\/Museum-Ravensburger_Aussenansicht_neu.jpg?fit=1024%2C739&amp;ssl=1\" \/>                <\/div>             <div class=\"max-md:px-md max-sm:px-sm max-xs:px-xs xl:px-0 relative py-10 md:py-16 xl:py-0 xl:h-[65vh] mx-auto max-h-[1000px] w-full xl:w-1\/2 flex flex-col z-10 justify-center align-left xl:pr-32\">\n                                    <h1 class=\"w-full font-bold typo-h1-header \">Press Material for Museum Ravensburger<\/h1>\n                                    <p class=\"w-full pb-6 pt-4 typo-body xl:pb-12\">Do you need images and text material for your reporting on Museum Ravensburger?<br>Feel free to use the press texts, images, and the Museum Ravensburger logo. All materials are available for download below:  <\/p>\n                        <a  target=\"_self\" href=\"https:\/\/museum-ravensburger.de\/presse\/pressemappe\/\" class=\"btn-primary mt-6 xl:mt-10 \">\n            Press kit                    <\/a>\n                    <\/div>\n        <\/div>\n    <\/div>\n<\/section><section class=\"text-module bg-bg-default text-text-default dark:!bg-dark dark:!text-white\">\n  <div class=\"flex flex-row max-w-screen-fhd mx-auto\">\n    <div class=\"deco w-1\/4 hidden invisible lg:block lg:visible\">\n      <img loading=\"lazy\" decoding=\"async\" width=\"639\" height=\"1024\" src=\"https:\/\/i0.wp.com\/museum-ravensburger.de\/wp-content\/uploads\/2025\/08\/square03-1.png?fit=639%2C1024&amp;ssl=1\" class=\"h-auto w-full object-contain\" alt=\"\" srcset=\"https:\/\/i0.wp.com\/museum-ravensburger.de\/wp-content\/uploads\/2025\/08\/square03-1.png?w=961&amp;ssl=1 961w, https:\/\/i0.wp.com\/museum-ravensburger.de\/wp-content\/uploads\/2025\/08\/square03-1.png?resize=187%2C300&amp;ssl=1 187w, https:\/\/i0.wp.com\/museum-ravensburger.de\/wp-content\/uploads\/2025\/08\/square03-1.png?resize=639%2C1024&amp;ssl=1 639w, https:\/\/i0.wp.com\/museum-ravensburger.de\/wp-content\/uploads\/2025\/08\/square03-1.png?resize=768%2C1231&amp;ssl=1 768w, https:\/\/i0.wp.com\/museum-ravensburger.de\/wp-content\/uploads\/2025\/08\/square03-1.png?resize=959%2C1536&amp;ssl=1 959w, https:\/\/i0.wp.com\/museum-ravensburger.de\/wp-content\/uploads\/2025\/08\/square03-1.png?resize=774%2C1240&amp;ssl=1 774w\" sizes=\"(max-width: 639px) 100vw, 639px\" data-attachment-id=\"2104\" data-permalink=\"https:\/\/museum-ravensburger.de\/en\/square03-3-2\/\" data-orig-file=\"https:\/\/i0.wp.com\/museum-ravensburger.de\/wp-content\/uploads\/2025\/08\/square03-1.png?fit=961%2C1540&amp;ssl=1\" data-orig-size=\"961,1540\" data-comments-opened=\"0\" data-image-meta=\"{&quot;aperture&quot;:&quot;0&quot;,&quot;credit&quot;:&quot;&quot;,&quot;camera&quot;:&quot;&quot;,&quot;caption&quot;:&quot;&quot;,&quot;created_timestamp&quot;:&quot;0&quot;,&quot;copyright&quot;:&quot;&quot;,&quot;focal_length&quot;:&quot;0&quot;,&quot;iso&quot;:&quot;0&quot;,&quot;shutter_speed&quot;:&quot;0&quot;,&quot;title&quot;:&quot;&quot;,&quot;orientation&quot;:&quot;0&quot;}\" data-image-title=\"square03\" data-image-description=\"\" data-image-caption=\"\" data-large-file=\"https:\/\/i0.wp.com\/museum-ravensburger.de\/wp-content\/uploads\/2025\/08\/square03-1.png?fit=639%2C1024&amp;ssl=1\" \/>    <\/div>\n    <div class=\"text-module-right-part max-w-screen-2xl xl:py-4xl lg:py-xl md:py-offsetLg py-offsetMd relative lg:w-3\/4\">\n                    <div class=\"lg:mb-lg mb-md\">\n          <div class=\"content-top max-w-3xl align-left \">\n            <p class='text-element align-left typo-overline mb-5'>Admission Rules for Journalists<\/p><h2 class='headline-element align-left typo-h2 font-bold'>Free admission for journalists and bloggers to Museum Ravensburger<\/h2>          <\/div>\n        <\/div>\n              <div class=\"typo-body text-element max-w-3xl align-left \">\n          <p>Dear press colleagues,<\/p>\n<p>We are pleased about your interest in Museum Ravensburger and happy that you want to visit us. The following conditions apply for press admission to Museum Ravensburger:  <\/p>\n<p><strong>Full-time journalists and one accompanying person receive free admission once per year upon presentation of a valid press card.<\/strong><\/p>\n<p><strong>From Germany<\/strong>: Press cards from the following media associations: DJV, DFJ, DPV, DVPJ, DFJV, VDZ, BDZV, dju in Ver.di, FREELENS, VSZV, BJV, SZV, DMV<br \/>\n<strong>From Switzerland<\/strong>: Swiss BR press card or a press card from the following media associations: SFJ, Impressum, Syndicom<br \/>\n<strong>From Austria<\/strong>: Press cards from the following media associations: V\u00d6Z, \u00d6ZV, GPA-djp, Syndikat der Pressefotografen, Pressebildagenturen und Filmreporter \u00d6sterreichs<\/p>\n<p>The press card must be presented at the Museum Ravensburger ticket counter on the day of your visit. Personal attendance is required for free admission. If you cannot provide proof, the offer expires. Accompanying persons can be children and\/or adults. It is not necessary for you to be related to the accompanying persons.    <\/p>\n        <\/div>\n          <\/div>\n  <\/div>\n<\/section>\n<section id=\"acf-block-68b5b82765f62\" class=\"ctabox bg-bg-ravensburgerblue text-text-white text-center max-w-screen-fhd mx-auto\">\n            <a href=\"https:\/\/museum-ravensburger.de\/pressemitteilungen\/\" target=\"\" alt=\"Here you can find the latest press releases\">\n            <div class=\"ctabox__link \">\n                Here you can find the latest press releases              \n            <\/div>\n            <div class=\"ctabox__arrow\">\n                <svg width=\"49\" height=\"48\" viewBox=\"0 0 49 48\" fill=\"none\" xmlns=\"http:\/\/www.w3.org\/2000\/svg\">\n                    <path fill-rule=\"evenodd\" clip-rule=\"evenodd\" d=\"M32.293 24.5271L24.2033 32.4012L25.0888 33.353L34.9004 23.8771L25.0888 14.4012L24.2033 15.353L32.293 23.2271L15.1461 23.2271L15.1461 24.5271L32.293 24.5271Z\" fill=\"#FFFFFF\" stroke=\"#FFFFFF\"\/>\n                <\/svg>\n            <\/div>\n        <\/a>\n    <\/section><section class=\"text-module bg-bg-default text-text-default dark:!bg-dark dark:!text-white\">\n  <div class=\"flex flex-row max-w-screen-fhd mx-auto\">\n    <div class=\"deco w-1\/4 hidden invisible lg:block lg:visible\">\n      <img loading=\"lazy\" decoding=\"async\" width=\"638\" height=\"1024\" src=\"https:\/\/i0.wp.com\/museum-ravensburger.de\/wp-content\/uploads\/2025\/08\/square06.png?fit=638%2C1024&amp;ssl=1\" class=\"h-auto w-full object-contain\" alt=\"\" srcset=\"https:\/\/i0.wp.com\/museum-ravensburger.de\/wp-content\/uploads\/2025\/08\/square06.png?w=960&amp;ssl=1 960w, https:\/\/i0.wp.com\/museum-ravensburger.de\/wp-content\/uploads\/2025\/08\/square06.png?resize=187%2C300&amp;ssl=1 187w, https:\/\/i0.wp.com\/museum-ravensburger.de\/wp-content\/uploads\/2025\/08\/square06.png?resize=638%2C1024&amp;ssl=1 638w, https:\/\/i0.wp.com\/museum-ravensburger.de\/wp-content\/uploads\/2025\/08\/square06.png?resize=768%2C1232&amp;ssl=1 768w, https:\/\/i0.wp.com\/museum-ravensburger.de\/wp-content\/uploads\/2025\/08\/square06.png?resize=958%2C1536&amp;ssl=1 958w, https:\/\/i0.wp.com\/museum-ravensburger.de\/wp-content\/uploads\/2025\/08\/square06.png?resize=773%2C1240&amp;ssl=1 773w\" sizes=\"(max-width: 638px) 100vw, 638px\" data-attachment-id=\"2066\" data-permalink=\"https:\/\/museum-ravensburger.de\/en\/services\/wedding\/square06-2-2\/\" data-orig-file=\"https:\/\/i0.wp.com\/museum-ravensburger.de\/wp-content\/uploads\/2025\/08\/square06.png?fit=960%2C1540&amp;ssl=1\" data-orig-size=\"960,1540\" data-comments-opened=\"0\" data-image-meta=\"{&quot;aperture&quot;:&quot;0&quot;,&quot;credit&quot;:&quot;&quot;,&quot;camera&quot;:&quot;&quot;,&quot;caption&quot;:&quot;&quot;,&quot;created_timestamp&quot;:&quot;0&quot;,&quot;copyright&quot;:&quot;&quot;,&quot;focal_length&quot;:&quot;0&quot;,&quot;iso&quot;:&quot;0&quot;,&quot;shutter_speed&quot;:&quot;0&quot;,&quot;title&quot;:&quot;&quot;,&quot;orientation&quot;:&quot;0&quot;}\" data-image-title=\"square06\" data-image-description=\"\" data-image-caption=\"\" data-large-file=\"https:\/\/i0.wp.com\/museum-ravensburger.de\/wp-content\/uploads\/2025\/08\/square06.png?fit=638%2C1024&amp;ssl=1\" \/>    <\/div>\n    <div class=\"text-module-right-part max-w-screen-2xl xl:py-4xl lg:py-xl md:py-offsetLg py-offsetMd relative lg:w-3\/4\">\n                    <div class=\"lg:mb-lg mb-md\">\n          <div class=\"content-top max-w-3xl align-left \">\n            <h2 class='headline-element align-left typo-h2 font-bold'>Admission Rules for Bloggers\/Influencers<\/h2>          <\/div>\n        <\/div>\n              <div class=\"typo-body text-element max-w-3xl align-left \">\n          <p>Cooperations with influencers and bloggers at Museum Ravensburger are arranged individually.<br \/>Please note that we usually work on a barter deal basis, meaning you and your family receive free admission to the museum in exchange for reporting about your visit.<br \/>Please contact us at least five working days before your planned visit at <a href=\"mailto:matthias.lenz@ravensburger.de\">matthias.lenz@ravensburger.de<\/a>.<br \/>Please also send us your desired visit date, links to your (social media) channels, your reach, your target group, and the ages of your children.   <\/p>\n<p><strong>Your contact for press inquiries:<\/strong><br \/>\n<strong>Yvonne Wirth<\/strong><br \/>\nHead of Marketing &amp; PR<br \/>\nPhone: +49 (0) 7542 \u2013 400 118<br \/>\nE-Mail: <a href=\"mailto:yvonne.wirth@ravensburger.de\">yvonne.wirth@ravensburger.de<\/a><\/p>\n        <\/div>\n          <\/div>\n  <\/div>\n<\/section>","protected":false},"excerpt":{"rendered":"","protected":false},"author":131695058,"featured_media":0,"parent":0,"menu_order":0,"comment_status":"closed","ping_status":"closed","template":"","meta":{"_acf_changed":false,"footnotes":""},"class_list":["post-2612","page","type-page","status-publish","hentry"],"acf":[],"yoast_head":"<!-- This site is optimized with the Yoast SEO plugin v27.2 - https:\/\/yoast.com\/product\/yoast-seo-wordpress\/ -->\n<title>Press - Museum Ravensburger<\/title>\n<meta name=\"robots\" content=\"index, follow, max-snippet:-1, max-image-preview:large, max-video-preview:-1\" \/>\n<link rel=\"canonical\" href=\"https:\/\/museum-ravensburger.de\/en\/press\/\" \/>\n<meta property=\"og:locale\" content=\"en_US\" \/>\n<meta property=\"og:type\" content=\"article\" \/>\n<meta property=\"og:title\" content=\"Press - Museum Ravensburger\" \/>\n<meta property=\"og:url\" content=\"https:\/\/museum-ravensburger.de\/en\/press\/\" \/>\n<meta property=\"og:site_name\" content=\"Museum Ravensburger\" \/>\n<meta property=\"article:modified_time\" content=\"2025-09-24T11:52:50+00:00\" \/>\n<meta name=\"twitter:card\" content=\"summary_large_image\" \/>\n<script type=\"application\/ld+json\" class=\"yoast-schema-graph\">{\"@context\":\"https:\/\/schema.org\",\"@graph\":[{\"@type\":\"WebPage\",\"@id\":\"https:\/\/museum-ravensburger.de\/en\/press\/\",\"url\":\"https:\/\/museum-ravensburger.de\/en\/press\/\",\"name\":\"Press - Museum Ravensburger\",\"isPartOf\":{\"@id\":\"https:\/\/museum-ravensburger.de\/en\/#website\"},\"datePublished\":\"2025-08-26T12:03:11+00:00\",\"dateModified\":\"2025-09-24T11:52:50+00:00\",\"breadcrumb\":{\"@id\":\"https:\/\/museum-ravensburger.de\/en\/press\/#breadcrumb\"},\"inLanguage\":\"en-US\",\"potentialAction\":[{\"@type\":\"ReadAction\",\"target\":[\"https:\/\/museum-ravensburger.de\/en\/press\/\"]}]},{\"@type\":\"BreadcrumbList\",\"@id\":\"https:\/\/museum-ravensburger.de\/en\/press\/#breadcrumb\",\"itemListElement\":[{\"@type\":\"ListItem\",\"position\":1,\"name\":\"Home\",\"item\":\"https:\/\/museum-ravensburger.de\/en\/\"},{\"@type\":\"ListItem\",\"position\":2,\"name\":\"Press\"}]},{\"@type\":\"WebSite\",\"@id\":\"https:\/\/museum-ravensburger.de\/en\/#website\",\"url\":\"https:\/\/museum-ravensburger.de\/en\/\",\"name\":\"Museum Ravensburger\",\"description\":\"\",\"publisher\":{\"@id\":\"https:\/\/museum-ravensburger.de\/en\/#organization\"},\"potentialAction\":[{\"@type\":\"SearchAction\",\"target\":{\"@type\":\"EntryPoint\",\"urlTemplate\":\"https:\/\/museum-ravensburger.de\/en\/?s={search_term_string}\"},\"query-input\":{\"@type\":\"PropertyValueSpecification\",\"valueRequired\":true,\"valueName\":\"search_term_string\"}}],\"inLanguage\":\"en-US\"},{\"@type\":\"Organization\",\"@id\":\"https:\/\/museum-ravensburger.de\/en\/#organization\",\"name\":\"Museum Ravensburger\",\"url\":\"https:\/\/museum-ravensburger.de\/en\/\",\"logo\":{\"@type\":\"ImageObject\",\"inLanguage\":\"en-US\",\"@id\":\"https:\/\/museum-ravensburger.de\/en\/#\/schema\/logo\/image\/\",\"url\":\"https:\/\/i0.wp.com\/museum-ravensburger.de\/wp-content\/uploads\/2024\/12\/logo.png?fit=276%2C273&ssl=1\",\"contentUrl\":\"https:\/\/i0.wp.com\/museum-ravensburger.de\/wp-content\/uploads\/2024\/12\/logo.png?fit=276%2C273&ssl=1\",\"width\":276,\"height\":273,\"caption\":\"Museum Ravensburger\"},\"image\":{\"@id\":\"https:\/\/museum-ravensburger.de\/en\/#\/schema\/logo\/image\/\"}}]}<\/script>\n<!-- \/ Yoast SEO plugin. -->","yoast_head_json":{"title":"Press - Museum Ravensburger","robots":{"index":"index","follow":"follow","max-snippet":"max-snippet:-1","max-image-preview":"max-image-preview:large","max-video-preview":"max-video-preview:-1"},"canonical":"https:\/\/museum-ravensburger.de\/en\/press\/","og_locale":"en_US","og_type":"article","og_title":"Press - Museum Ravensburger","og_url":"https:\/\/museum-ravensburger.de\/en\/press\/","og_site_name":"Museum Ravensburger","article_modified_time":"2025-09-24T11:52:50+00:00","twitter_card":"summary_large_image","schema":{"@context":"https:\/\/schema.org","@graph":[{"@type":"WebPage","@id":"https:\/\/museum-ravensburger.de\/en\/press\/","url":"https:\/\/museum-ravensburger.de\/en\/press\/","name":"Press - Museum Ravensburger","isPartOf":{"@id":"https:\/\/museum-ravensburger.de\/en\/#website"},"datePublished":"2025-08-26T12:03:11+00:00","dateModified":"2025-09-24T11:52:50+00:00","breadcrumb":{"@id":"https:\/\/museum-ravensburger.de\/en\/press\/#breadcrumb"},"inLanguage":"en-US","potentialAction":[{"@type":"ReadAction","target":["https:\/\/museum-ravensburger.de\/en\/press\/"]}]},{"@type":"BreadcrumbList","@id":"https:\/\/museum-ravensburger.de\/en\/press\/#breadcrumb","itemListElement":[{"@type":"ListItem","position":1,"name":"Home","item":"https:\/\/museum-ravensburger.de\/en\/"},{"@type":"ListItem","position":2,"name":"Press"}]},{"@type":"WebSite","@id":"https:\/\/museum-ravensburger.de\/en\/#website","url":"https:\/\/museum-ravensburger.de\/en\/","name":"Museum Ravensburger","description":"","publisher":{"@id":"https:\/\/museum-ravensburger.de\/en\/#organization"},"potentialAction":[{"@type":"SearchAction","target":{"@type":"EntryPoint","urlTemplate":"https:\/\/museum-ravensburger.de\/en\/?s={search_term_string}"},"query-input":{"@type":"PropertyValueSpecification","valueRequired":true,"valueName":"search_term_string"}}],"inLanguage":"en-US"},{"@type":"Organization","@id":"https:\/\/museum-ravensburger.de\/en\/#organization","name":"Museum Ravensburger","url":"https:\/\/museum-ravensburger.de\/en\/","logo":{"@type":"ImageObject","inLanguage":"en-US","@id":"https:\/\/museum-ravensburger.de\/en\/#\/schema\/logo\/image\/","url":"https:\/\/i0.wp.com\/museum-ravensburger.de\/wp-content\/uploads\/2024\/12\/logo.png?fit=276%2C273&ssl=1","contentUrl":"https:\/\/i0.wp.com\/museum-ravensburger.de\/wp-content\/uploads\/2024\/12\/logo.png?fit=276%2C273&ssl=1","width":276,"height":273,"caption":"Museum Ravensburger"},"image":{"@id":"https:\/\/museum-ravensburger.de\/en\/#\/schema\/logo\/image\/"}}]}},"jetpack_likes_enabled":true,"jetpack_sharing_enabled":true,"jetpack_shortlink":"https:\/\/wp.me\/PgduLP-G8","jetpack-related-posts":[],"_links":{"self":[{"href":"https:\/\/museum-ravensburger.de\/en\/wp-json\/wp\/v2\/pages\/2612","targetHints":{"allow":["GET"]}}],"collection":[{"href":"https:\/\/museum-ravensburger.de\/en\/wp-json\/wp\/v2\/pages"}],"about":[{"href":"https:\/\/museum-ravensburger.de\/en\/wp-json\/wp\/v2\/types\/page"}],"author":[{"embeddable":true,"href":"https:\/\/museum-ravensburger.de\/en\/wp-json\/wp\/v2\/users\/131695058"}],"replies":[{"embeddable":true,"href":"https:\/\/museum-ravensburger.de\/en\/wp-json\/wp\/v2\/comments?post=2612"}],"version-history":[{"count":1,"href":"https:\/\/museum-ravensburger.de\/en\/wp-json\/wp\/v2\/pages\/2612\/revisions"}],"predecessor-version":[{"id":2613,"href":"https:\/\/museum-ravensburger.de\/en\/wp-json\/wp\/v2\/pages\/2612\/revisions\/2613"}],"wp:attachment":[{"href":"https:\/\/museum-ravensburger.de\/en\/wp-json\/wp\/v2\/media?parent=2612"}],"curies":[{"name":"wp","href":"https:\/\/api.w.org\/{rel}","templated":true}]}}